{"id":21,"date":"2021-11-21T13:23:36","date_gmt":"2021-11-21T16:23:36","guid":{"rendered":"https:\/\/reer-rj.org.br\/?page_id=21"},"modified":"2022-02-20T18:37:43","modified_gmt":"2022-02-20T21:37:43","slug":"quem-somos","status":"publish","type":"page","link":"https:\/\/reer-rj.org.br\/?page_id=21","title":{"rendered":"Quem Somos"},"content":{"rendered":"\n<h1 class=\"wp-block-heading\" id=\"reer-rj-rede-estadual-de-emergencia-de-radioamadores\">REER-RJ \u2013 Rede Estadual de Emerg\u00eancia de Radioamadores<\/h1>\n\n\n\n<p>A REER-RJ (Rede Estadual de Emerg\u00eancia de Radioamadores) \u00e9 um sistema, que congrega radioamadores (Servi\u00e7o 302) e operadores da faixa do cidad\u00e3o (Servi\u00e7o 400) ambos licenciados pela ANATEL, para apoiar na falha do servi\u00e7o de comunica\u00e7\u00e3o, aus\u00eancia ou defici\u00eancia dos meios normais de telecomunica\u00e7\u00f5es ou ainda quando estiverem em Colapso.<\/p>\n\n\n\n<p>Estar vinculado diretamente a secret\u00e1ria de Estado de Defesa Civil do Estado do Rio de Janeiro (<em><strong>SEDEC<\/strong><\/em>\u2013<strong>RJ<\/strong>), e faz parte integrante da rede SALVAR.<\/p>\n\n\n\n<p>Foi fundado em 29 de Janeiro de 2022 , e tem como seu primeiro coordenador o PY1IBM- Sales Morenno.<\/p>\n\n\n\n<p>As associa\u00e7\u00f5es e grupos de radioamadores e radio cidad\u00e3o, podem e devem buscar suas filia\u00e7\u00f5es, a qual chamamos aqui de agencia e \u00e9 o ponto focal, de interlocu\u00e7\u00f5es entres seus associados.<\/p>\n","protected":false},"excerpt":{"rendered":"<p>REER-RJ &ndash; Rede Estadual de Emerg&ecirc;ncia de Radioamadores A REER-RJ<\/p>\n","protected":false},"author":1,"featured_media":0,"parent":0,"menu_order":0,"comment_status":"closed","ping_status":"closed","template":"","meta":{"footnotes":""},"class_list":["post-21","page","type-page","status-publish","hentry"],"_links":{"self":[{"href":"https:\/\/reer-rj.org.br\/index.php?rest_route=\/wp\/v2\/pages\/21","targetHints":{"allow":["GET"]}}],"collection":[{"href":"https:\/\/reer-rj.org.br\/index.php?rest_route=\/wp\/v2\/pages"}],"about":[{"href":"https:\/\/reer-rj.org.br\/index.php?rest_route=\/wp\/v2\/types\/page"}],"author":[{"embeddable":true,"href":"https:\/\/reer-rj.org.br\/index.php?rest_route=\/wp\/v2\/users\/1"}],"replies":[{"embeddable":true,"href":"https:\/\/reer-rj.org.br\/index.php?rest_route=%2Fwp%2Fv2%2Fcomments&post=21"}],"version-history":[{"count":26,"href":"https:\/\/reer-rj.org.br\/index.php?rest_route=\/wp\/v2\/pages\/21\/revisions"}],"predecessor-version":[{"id":294,"href":"https:\/\/reer-rj.org.br\/index.php?rest_route=\/wp\/v2\/pages\/21\/revisions\/294"}],"wp:attachment":[{"href":"https:\/\/reer-rj.org.br\/index.php?rest_route=%2Fwp%2Fv2%2Fmedia&parent=21"}],"curies":[{"name":"wp","href":"https:\/\/api.w.org\/{rel}","templated":true}]}}